{"id":18,"date":"2023-08-15T17:25:12","date_gmt":"2023-08-15T17:25:12","guid":{"rendered":"https:\/\/www.vizyon-bilgisayar.com\/?page_id=18"},"modified":"2023-08-17T11:48:45","modified_gmt":"2023-08-17T11:48:45","slug":"elementor-plugin","status":"publish","type":"page","link":"https:\/\/www.vizyon-bilgisayar.com\/?page_id=18","title":{"rendered":"Tesla, Toyota, Volkswagen Gibi Devlerin Batarya \u00dcreticisi, 10 Dakika \u015earjla 400 Km Menzil Sunan Bataryas\u0131n\u0131 Tan\u0131tt\u0131"},"content":{"rendered":"<div class=\"content-body__description\">Tesla ve Volkswagen gibi \u00fcreticilerin orta\u011f\u0131 oldu\u011fu batarya \u00fcreticisi CATL, 10 dakika \u015farjla 400 kilometre menzil sunan yeni bir batarya tan\u0131tt\u0131.<\/div>\n<div class=\"inread-tagon\"><\/div>\n<div class=\"content-body__detail\">\n<p>Tesla\u2019n\u0131n en b\u00fcy\u00fck&nbsp;<a class=\"box-link\" title=\"batarya Haberleri\" href=\"https:\/\/www.webtekno.com\/konu\/batarya\">batarya<\/a>&nbsp;tedarik\u00e7isi CATL, bug\u00fcn elektrikli otomobillerin en b\u00fcy\u00fck k\u0131s\u0131tlamas\u0131n\u0131 ortadan kald\u0131rmaya aday yeni bataryas\u0131n\u0131 tan\u0131tt\u0131. \u201c<strong>Shenxing<\/strong>\u201d ad\u0131n\u0131 ta\u015f\u0131yan batarya, sadece 10 dakikal\u0131k \u015farj ile 400 kilometre menzil sunabiliyor. Tam kapasiteyle toplam menzil ise 700 kilometreye kadar ula\u015fabiliyor.<\/p>\n<p>Bataryay\u0131 elektrikli otomobillerde g\u00f6rmeye ba\u015flamak i\u00e7inse bir s\u00fcre daha beklememiz gerekecek. \u015eirketin ba\u015f teknoloji sorumlusu Gao Han, sunumda yapt\u0131\u011f\u0131 a\u00e7\u0131klamada bataryan\u0131n 2023\u2019\u00fcn sonunda seri \u00fcretime ge\u00e7ece\u011fini,&nbsp;<strong>2024 y\u0131l\u0131 i\u00e7inde m\u00fc\u015fterilere teslim edilmeye ba\u015flanaca\u011f\u0131n\u0131&nbsp;<\/strong>payla\u015ft\u0131.<\/p>\n<h2>Peki bu batarya nas\u0131l bu kadar y\u00fcksek menzil sunuyor?<\/h2>\n<p>Batarya, elektrikli otomobil sekt\u00f6r\u00fcnde %35\u2019lik pay ile en pop\u00fcler teknoloji olan ve \u00f6zellikle CATL\u2019\u0131n bu alan\u0131 domine etti\u011fi&nbsp;<strong>lityum demir fosfat (LFP)<\/strong>&nbsp;t\u00fcr\u00fc bir batarya. \u015eirketin iddias\u0131na g\u00f6re de yeni Shenxing bataryas\u0131, bu t\u00fcr\u00fcn en geli\u015fmi\u015f ve en h\u0131zl\u0131 \u015farj edilebilen bataryas\u0131 olacak.<\/p>\n<p>\u00c7in merkezli CATL ve bu t\u00fcr bataryay\u0131 \u00fcreten di\u011fer \u015firketlerle birlikte \u00c7in, lityum demir fosfat batarya \u00fcretimi ve tedari\u011finin ana \u00fcss\u00fc haline d\u00f6n\u00fc\u015ft\u00fc. Batarya, \u00f6zellikle uygun fiyat\u0131 ve kimyasal dengesi ile ara\u00e7 \u00fcreticileri taraf\u0131ndan yo\u011funlukla tercih ediliyor.<\/p>\n<p>Yeni bataryan\u0131n teknik \u00f6zellikleri tam olarak payla\u015f\u0131lmad\u0131. Ayr\u0131ca CATL\u2019\u0131n m\u00fc\u015fterilerinin yeni bataryaya do\u011frudan ge\u00e7i\u015f yap\u0131p yapmayaca\u011f\u0131 da hen\u00fcz bilinmiyor.&nbsp;<a class=\"box-link\" title=\"Tesla Haberleri\" href=\"https:\/\/www.webtekno.com\/konu\/tesla\">Tesla<\/a>, CATL\u2019\u0131n LFP bataryalar\u0131n\u0131 2021 y\u0131l\u0131ndan itibaren kullanmaya ba\u015flam\u0131\u015ft\u0131.<\/p>\n<p>CATL&#8217;\u0131n bataryalar\u0131,&nbsp;BMW, Daimler AG, Hyundai,&nbsp;<a class=\"box-link\" title=\"Honda Haberleri\" href=\"https:\/\/www.webtekno.com\/konu\/honda\">Honda<\/a>, Li Auto, NIO, PSA, Tesla, Toyota, Volkswagen ve Volvo gibi pek \u00e7ok b\u00fcy\u00fck dev taraf\u0131ndan kullan\u0131l\u0131yor.<\/p>\n<\/div>\n","protected":false},"excerpt":{"rendered":"<p>Tesla ve Volkswagen gibi \u00fcreticilerin orta\u011f\u0131 oldu\u011fu batarya \u00fcreticisi CATL, 10 dakika \u015farjla 400 kilometre menzil sunan yeni bir batarya tan\u0131tt\u0131. Tesla\u2019n\u0131n en b\u00fcy\u00fck&nbsp;batarya&nbsp;tedarik\u00e7isi CATL, bug\u00fcn elektrikli otomobillerin en b\u00fcy\u00fck k\u0131s\u0131tlamas\u0131n\u0131 ortadan kald\u0131rmaya aday yeni bataryas\u0131n\u0131 tan\u0131tt\u0131. \u201cShenxing\u201d ad\u0131n\u0131 ta\u015f\u0131yan batarya, sadece 10 dakikal\u0131k \u015farj ile 400 kilometre menzil sunabiliyor. Tam kapasiteyle toplam menzil ise [&hellip;]<\/p>\n","protected":false},"author":1,"featured_media":0,"parent":0,"menu_order":0,"comment_status":"closed","ping_status":"closed","template":"","meta":{"footnotes":""},"class_list":["post-18","page","type-page","status-publish","hentry"],"_links":{"self":[{"href":"https:\/\/www.vizyon-bilgisayar.com\/index.php?rest_route=\/wp\/v2\/pages\/18"}],"collection":[{"href":"https:\/\/www.vizyon-bilgisayar.com\/index.php?rest_route=\/wp\/v2\/pages"}],"about":[{"href":"https:\/\/www.vizyon-bilgisayar.com\/index.php?rest_route=\/wp\/v2\/types\/page"}],"author":[{"embeddable":true,"href":"https:\/\/www.vizyon-bilgisayar.com\/index.php?rest_route=\/wp\/v2\/users\/1"}],"replies":[{"embeddable":true,"href":"https:\/\/www.vizyon-bilgisayar.com\/index.php?rest_route=%2Fwp%2Fv2%2Fcomments&post=18"}],"version-history":[{"count":3,"href":"https:\/\/www.vizyon-bilgisayar.com\/index.php?rest_route=\/wp\/v2\/pages\/18\/revisions"}],"predecessor-version":[{"id":47,"href":"https:\/\/www.vizyon-bilgisayar.com\/index.php?rest_route=\/wp\/v2\/pages\/18\/revisions\/47"}],"wp:attachment":[{"href":"https:\/\/www.vizyon-bilgisayar.com\/index.php?rest_route=%2Fwp%2Fv2%2Fmedia&parent=18"}],"curies":[{"name":"wp","href":"https:\/\/api.w.org\/{rel}","templated":true}]}}