{"id":11,"date":"2023-08-15T17:25:12","date_gmt":"2023-08-15T17:25:12","guid":{"rendered":"https:\/\/www.vizyon-bilgisayar.com\/?page_id=11"},"modified":"2023-08-17T11:50:22","modified_gmt":"2023-08-17T11:50:22","slug":"home","status":"publish","type":"page","link":"https:\/\/www.vizyon-bilgisayar.com\/","title":{"rendered":"Home"},"content":{"rendered":"\n<p><strong>Yak\u0131n&nbsp;Gelecekte&nbsp;Hayat\u0131m\u0131za Girecek 10&nbsp;Teknoloji:<\/strong><\/p>\n\n\n\n<ul class=\"wp-block-list\">\n<li>Yapay g\u00f6zler.<\/li>\n\n\n\n<li>G\u00fcc\u00fcn\u00fc v\u00fccuttan alan giyilebilir&nbsp;<strong>teknolojiler<\/strong>.<\/li>\n\n\n\n<li>Drone&#8217;lar ve u\u00e7an taksiler i\u00e7in havaalan\u0131<\/li>\n\n\n\n<li>Enfeksiyonu tespit edebilen ak\u0131ll\u0131 diki\u015fler.<\/li>\n\n\n\n<li>Enerji depolayabilen tu\u011flalar.<\/li>\n\n\n\n<li>Robotik rehber k\u00f6pekler.<\/li>\n\n\n\n<li>Kendi kendini onarabilen canl\u0131 \u00e7imento.<\/li>\n\n\n\n<li>Kalbi takip eden ti\u015f\u00f6rt.<\/li>\n<\/ul>\n","protected":false},"excerpt":{"rendered":"<p>Yak\u0131n&nbsp;Gelecekte&nbsp;Hayat\u0131m\u0131za Girecek 10&nbsp;Teknoloji:<\/p>\n","protected":false},"author":1,"featured_media":0,"parent":0,"menu_order":0,"comment_status":"closed","ping_status":"closed","template":"templates\/template-homepage-one.php","meta":{"footnotes":""},"class_list":["post-11","page","type-page","status-publish","hentry"],"_links":{"self":[{"href":"https:\/\/www.vizyon-bilgisayar.com\/index.php?rest_route=\/wp\/v2\/pages\/11"}],"collection":[{"href":"https:\/\/www.vizyon-bilgisayar.com\/index.php?rest_route=\/wp\/v2\/pages"}],"about":[{"href":"https:\/\/www.vizyon-bilgisayar.com\/index.php?rest_route=\/wp\/v2\/types\/page"}],"author":[{"embeddable":true,"href":"https:\/\/www.vizyon-bilgisayar.com\/index.php?rest_route=\/wp\/v2\/users\/1"}],"replies":[{"embeddable":true,"href":"https:\/\/www.vizyon-bilgisayar.com\/index.php?rest_route=%2Fwp%2Fv2%2Fcomments&post=11"}],"version-history":[{"count":1,"href":"https:\/\/www.vizyon-bilgisayar.com\/index.php?rest_route=\/wp\/v2\/pages\/11\/revisions"}],"predecessor-version":[{"id":48,"href":"https:\/\/www.vizyon-bilgisayar.com\/index.php?rest_route=\/wp\/v2\/pages\/11\/revisions\/48"}],"wp:attachment":[{"href":"https:\/\/www.vizyon-bilgisayar.com\/index.php?rest_route=%2Fwp%2Fv2%2Fmedia&parent=11"}],"curies":[{"name":"wp","href":"https:\/\/api.w.org\/{rel}","templated":true}]}}